{"id":55,"date":"2015-06-17T13:36:41","date_gmt":"2015-06-17T12:36:41","guid":{"rendered":"https:\/\/maisdonsursevre-steanne.fr\/?page_id=55"},"modified":"2025-09-05T13:44:32","modified_gmt":"2025-09-05T11:44:32","slug":"horaires","status":"publish","type":"page","link":"https:\/\/maisdonsursevre-steanne.fr\/?page_id=55","title":{"rendered":"Horaires"},"content":{"rendered":"<p><strong>Horaires de classe&nbsp;:<\/strong><\/p>\n<p>L&#8217;\u00e9cole fonctionne sur une organisation de 4 jours de classes (lundi\/ mardi\/ jeudi\/ vendredi)<\/p>\n<ul>\n<li>Horaires du matin<\/li>\n<\/ul>\n<p>D\u00e9but des cours 8h35 (ouverture du portail 8h25) Fin des cours 12h10<\/p>\n<ul>\n<li>Midi<\/li>\n<\/ul>\n<p>Reprise des cours \u00e0 13h35 (ouverture du portail 13h25)<\/p>\n<ul>\n<li>Horaires apr\u00e8s-midi<\/li>\n<\/ul>\n<p>D\u00e9but des cours 13h35 fin des cours 16h15<\/p>\n<p>Dates de l&#8217;ann\u00e9e scolaire :<\/p>\n<p><strong>Vacances de la Toussaint: &nbsp;&nbsp; <\/strong>samedi 18 octobre au lundi 3 novembre 2025<\/p>\n<p><strong>Vacances de No\u00ebl:&nbsp;&nbsp;&nbsp;&nbsp;&nbsp;&nbsp;&nbsp;&nbsp;&nbsp;&nbsp;&nbsp;&nbsp;&nbsp;&nbsp;&nbsp; <\/strong>samedi 20 d\u00e9cembre au lundi 5 janvier 2026<\/p>\n<p><strong>Vacances d\u2019hiver: &nbsp;&nbsp;&nbsp;&nbsp;&nbsp;&nbsp;&nbsp;&nbsp;&nbsp;&nbsp;&nbsp;&nbsp;&nbsp;&nbsp;&nbsp;<\/strong> samedi 14 f\u00e9vrier au lundi 2 mars 2026<\/p>\n<p><strong>Vacances de printemps: &nbsp;&nbsp;&nbsp;&nbsp;&nbsp; <\/strong>samedi 11 avril au lundi 27 avril 2026<\/p>\n<p><strong>Vacances d\u2019\u00e9t\u00e9&nbsp;<\/strong>:&nbsp; &nbsp; &nbsp; &nbsp; &nbsp; &nbsp; &nbsp; &nbsp; &nbsp; &nbsp; vendredi 3 2026 juillet apr\u00e8s la classe<\/p>\n<p><strong>Pont de l\u2019ascension<\/strong> :&nbsp; &nbsp; &nbsp; &nbsp; &nbsp; &nbsp; &nbsp; &nbsp; &nbsp; &nbsp; &nbsp; &nbsp; jeudi 14 mai et vendredi 15 mai<\/p>\n<p><strong>Lundi de pentec\u00f4te :&nbsp; &nbsp; &nbsp;<\/strong> &nbsp; &nbsp; &nbsp; &nbsp; &nbsp; &nbsp; &nbsp; &nbsp; &nbsp; &nbsp;lundi 25 mai 2026<\/p>\n<p>&nbsp;<\/p>\n","protected":false},"excerpt":{"rendered":"<p>Horaires de classe&nbsp;: L&#8217;\u00e9cole fonctionne sur une organisation de 4 jours de classes (lundi\/ mardi\/ jeudi\/ vendredi) Horaires du matin D\u00e9but des cours 8h35 (ouverture du portail 8h25) Fin des cours 12h10 Midi Reprise des cours \u00e0 13h35 (ouverture du portail 13h25) Horaires apr\u00e8s-midi D\u00e9but des cours 13h35 fin des cours 16h15 Dates de l&#8217;ann\u00e9e&hellip; <br \/> <a class=\"read-more\" href=\"https:\/\/maisdonsursevre-steanne.fr\/?page_id=55\">Lire la suite<\/a><\/p>\n","protected":false},"author":11,"featured_media":0,"parent":0,"menu_order":0,"comment_status":"closed","ping_status":"closed","template":"","meta":{"ngg_post_thumbnail":0,"footnotes":""},"_links":{"self":[{"href":"https:\/\/maisdonsursevre-steanne.fr\/index.php?rest_route=\/wp\/v2\/pages\/55"}],"collection":[{"href":"https:\/\/maisdonsursevre-steanne.fr\/index.php?rest_route=\/wp\/v2\/pages"}],"about":[{"href":"https:\/\/maisdonsursevre-steanne.fr\/index.php?rest_route=\/wp\/v2\/types\/page"}],"author":[{"embeddable":true,"href":"https:\/\/maisdonsursevre-steanne.fr\/index.php?rest_route=\/wp\/v2\/users\/11"}],"replies":[{"embeddable":true,"href":"https:\/\/maisdonsursevre-steanne.fr\/index.php?rest_route=%2Fwp%2Fv2%2Fcomments&post=55"}],"version-history":[{"count":8,"href":"https:\/\/maisdonsursevre-steanne.fr\/index.php?rest_route=\/wp\/v2\/pages\/55\/revisions"}],"predecessor-version":[{"id":6224,"href":"https:\/\/maisdonsursevre-steanne.fr\/index.php?rest_route=\/wp\/v2\/pages\/55\/revisions\/6224"}],"wp:attachment":[{"href":"https:\/\/maisdonsursevre-steanne.fr\/index.php?rest_route=%2Fwp%2Fv2%2Fmedia&parent=55"}],"curies":[{"name":"wp","href":"https:\/\/api.w.org\/{rel}","templated":true}]}}