{"id":45,"date":"2015-06-17T13:28:25","date_gmt":"2015-06-17T12:28:25","guid":{"rendered":"https:\/\/maisdonsursevre-steanne.fr\/?page_id=45"},"modified":"2025-11-20T16:03:08","modified_gmt":"2025-11-20T15:03:08","slug":"projet-de-lecole","status":"publish","type":"page","link":"https:\/\/maisdonsursevre-steanne.fr\/?page_id=45","title":{"rendered":"Projet de l&#8217;\u00e9cole"},"content":{"rendered":"<p>Projet d&#8217;\u00e9tablissement.&nbsp;<\/p>\n<p>L&#8217;\u00e9cole s&#8217;appuie sur un projet \u00e9ducatif d&#8217;\u00e9tablissement qui a \u00e9t\u00e9 construit avec l&#8217;ensemble de la communaut\u00e9 \u00e9ducative : \u00e9l\u00e8ves, enseignants, personnels, parents d&#8217;\u00e9l\u00e8ve. Il a \u00e9t\u00e9 pr\u00e9sent\u00e9 \u00e0 l&#8217;ensemble des familles en septembre 2025.<\/p>\n<iframe src=\"\/\/docs.google.com\/viewer?url=https%3A%2F%2Fmaisdonsursevre-steanne.fr%2Fwp-content%2Fuploads%2F2025%2F11%2FPEE-Ste-Anne-v3.pdf&hl=fr&embedded=true\" class=\"gde-frame\" style=\"width:100%; height:500px; border: none;\" scrolling=\"no\"><\/iframe>\n<p class=\"gde-text\"><a href=\"https:\/\/maisdonsursevre-steanne.fr\/wp-content\/uploads\/2025\/11\/PEE-Ste-Anne-v3.pdf\" class=\"gde-link\">T\u00e9l\u00e9charger (PDF, 9.87Mo)<\/a><\/p>\n<p>&nbsp;<\/p>\n","protected":false},"excerpt":{"rendered":"<p>Projet d&#8217;\u00e9tablissement.&nbsp; L&#8217;\u00e9cole s&#8217;appuie sur un projet \u00e9ducatif d&#8217;\u00e9tablissement qui a \u00e9t\u00e9 construit avec l&#8217;ensemble de la communaut\u00e9 \u00e9ducative : \u00e9l\u00e8ves, enseignants, personnels, parents d&#8217;\u00e9l\u00e8ve. Il a \u00e9t\u00e9 pr\u00e9sent\u00e9 \u00e0 l&#8217;ensemble des familles en septembre 2025. &nbsp;<\/p>\n","protected":false},"author":11,"featured_media":0,"parent":0,"menu_order":0,"comment_status":"closed","ping_status":"closed","template":"","meta":{"ngg_post_thumbnail":0,"footnotes":""},"_links":{"self":[{"href":"https:\/\/maisdonsursevre-steanne.fr\/index.php?rest_route=\/wp\/v2\/pages\/45"}],"collection":[{"href":"https:\/\/maisdonsursevre-steanne.fr\/index.php?rest_route=\/wp\/v2\/pages"}],"about":[{"href":"https:\/\/maisdonsursevre-steanne.fr\/index.php?rest_route=\/wp\/v2\/types\/page"}],"author":[{"embeddable":true,"href":"https:\/\/maisdonsursevre-steanne.fr\/index.php?rest_route=\/wp\/v2\/users\/11"}],"replies":[{"embeddable":true,"href":"https:\/\/maisdonsursevre-steanne.fr\/index.php?rest_route=%2Fwp%2Fv2%2Fcomments&post=45"}],"version-history":[{"count":6,"href":"https:\/\/maisdonsursevre-steanne.fr\/index.php?rest_route=\/wp\/v2\/pages\/45\/revisions"}],"predecessor-version":[{"id":6331,"href":"https:\/\/maisdonsursevre-steanne.fr\/index.php?rest_route=\/wp\/v2\/pages\/45\/revisions\/6331"}],"wp:attachment":[{"href":"https:\/\/maisdonsursevre-steanne.fr\/index.php?rest_route=%2Fwp%2Fv2%2Fmedia&parent=45"}],"curies":[{"name":"wp","href":"https:\/\/api.w.org\/{rel}","templated":true}]}}