{"id":402,"date":"2015-10-11T15:30:55","date_gmt":"2015-10-11T14:30:55","guid":{"rendered":"https:\/\/maisdonsursevre-steanne.fr\/?page_id=402"},"modified":"2025-11-20T16:52:21","modified_gmt":"2025-11-20T15:52:21","slug":"retributions-scolaires","status":"publish","type":"page","link":"https:\/\/maisdonsursevre-steanne.fr\/?page_id=402","title":{"rendered":"R\u00e9tributions scolaires"},"content":{"rendered":"<p data-start=\"64\" data-end=\"173\">Les r\u00e9tributions servent \u00e0 financer des projets immobiliers et \u00e0 entretenir l\u2019\u00e9cole (b\u00e2timents, cours, etc.).<\/p>\n<p data-start=\"175\" data-end=\"381\">Pour l\u2019ann\u00e9e scolaire 2024-2025, le montant des r\u00e9tributions a \u00e9t\u00e9 fix\u00e9 \u00e0 <strong data-start=\"249\" data-end=\"283\">275 euros par enfant et par an<\/strong> (assurances et sorties scolaires incluses) ou <strong data-start=\"330\" data-end=\"343\">290 euros<\/strong> (tarif de soutien \u00e0 l\u2019\u00e9tablissement).<\/p>\n<p data-start=\"383\" data-end=\"428\">Vous pouvez r\u00e9gler les frais de scolarit\u00e9 :<\/p>\n<ul data-start=\"429\" data-end=\"550\">\n<li data-start=\"429\" data-end=\"493\">\n<p data-start=\"431\" data-end=\"493\">par <strong data-start=\"435\" data-end=\"470\">pr\u00e9l\u00e8vement automatique mensuel<\/strong> (en 10 mensualit\u00e9s),<\/p>\n<\/li>\n<li data-start=\"494\" data-end=\"550\">\n<p data-start=\"496\" data-end=\"550\">ou <strong data-start=\"499\" data-end=\"523\">en un seul versement<\/strong> en d\u00e9but d\u2019ann\u00e9e scolaire.<\/p>\n<\/li>\n<\/ul>\n","protected":false},"excerpt":{"rendered":"<p>Les r\u00e9tributions servent \u00e0 financer des projets immobiliers et \u00e0 entretenir l\u2019\u00e9cole (b\u00e2timents, cours, etc.). Pour l\u2019ann\u00e9e scolaire 2024-2025, le montant des r\u00e9tributions a \u00e9t\u00e9 fix\u00e9 \u00e0 275 euros par enfant et par an (assurances et sorties scolaires incluses) ou 290 euros (tarif de soutien \u00e0 l\u2019\u00e9tablissement). Vous pouvez r\u00e9gler les frais de scolarit\u00e9 :&hellip; <br \/> <a class=\"read-more\" href=\"https:\/\/maisdonsursevre-steanne.fr\/?page_id=402\">Lire la suite<\/a><\/p>\n","protected":false},"author":11,"featured_media":0,"parent":0,"menu_order":0,"comment_status":"closed","ping_status":"closed","template":"","meta":{"ngg_post_thumbnail":0,"footnotes":""},"_links":{"self":[{"href":"https:\/\/maisdonsursevre-steanne.fr\/index.php?rest_route=\/wp\/v2\/pages\/402"}],"collection":[{"href":"https:\/\/maisdonsursevre-steanne.fr\/index.php?rest_route=\/wp\/v2\/pages"}],"about":[{"href":"https:\/\/maisdonsursevre-steanne.fr\/index.php?rest_route=\/wp\/v2\/types\/page"}],"author":[{"embeddable":true,"href":"https:\/\/maisdonsursevre-steanne.fr\/index.php?rest_route=\/wp\/v2\/users\/11"}],"replies":[{"embeddable":true,"href":"https:\/\/maisdonsursevre-steanne.fr\/index.php?rest_route=%2Fwp%2Fv2%2Fcomments&post=402"}],"version-history":[{"count":7,"href":"https:\/\/maisdonsursevre-steanne.fr\/index.php?rest_route=\/wp\/v2\/pages\/402\/revisions"}],"predecessor-version":[{"id":6333,"href":"https:\/\/maisdonsursevre-steanne.fr\/index.php?rest_route=\/wp\/v2\/pages\/402\/revisions\/6333"}],"wp:attachment":[{"href":"https:\/\/maisdonsursevre-steanne.fr\/index.php?rest_route=%2Fwp%2Fv2%2Fmedia&parent=402"}],"curies":[{"name":"wp","href":"https:\/\/api.w.org\/{rel}","templated":true}]}}