{"id":273,"date":"2015-10-02T14:53:14","date_gmt":"2015-10-02T13:53:14","guid":{"rendered":"https:\/\/maisdonsursevre-steanne.fr\/?page_id=273"},"modified":"2025-04-04T08:14:05","modified_gmt":"2025-04-04T06:14:05","slug":"delegues-de-lecole","status":"publish","type":"page","link":"https:\/\/maisdonsursevre-steanne.fr\/?page_id=273","title":{"rendered":"D\u00e9l\u00e9gu\u00e9s de l&#8217;\u00e9cole"},"content":{"rendered":"<p><span style=\"color: #3366ff;\">Les d\u00e9l\u00e9gu\u00e9s ont \u00e9t\u00e9 \u00e9lus en d\u00e9but d&#8217;ann\u00e9e pour repr\u00e9senter leur classe.<\/span><\/p>\n<p><span style=\"color: #3366ff;\">Le conseil des d\u00e9l\u00e9gu\u00e9s a lieu une fois par p\u00e9riode afin<\/span><\/p>\n<ul>\n<li><span style=\"color: #99cc00;\">de discuter des probl\u00e9matiques des \u00e9l\u00e8ves,<\/span><\/li>\n<li><span style=\"color: #99cc00;\">de connaitre leur avis sur certains sujets,<\/span><\/li>\n<li><span style=\"color: #99cc00;\">d&#8217;\u00e9laborer un petit projet mobilisateur par&nbsp;an<\/span><\/li>\n<\/ul>\n<p>&nbsp;<\/p>\n<p>&nbsp;<\/p>\n<p><span style=\"color: #3366ff;\">Voici les d\u00e9l\u00e9gu\u00e9s pour cette ann\u00e9e 2024\/2025:&nbsp;<\/span><\/p>\n<p><a href=\"https:\/\/maisdonsursevre-steanne.fr\/wp-content\/uploads\/2025\/02\/IMG_8375-scaled.jpeg\"><img loading=\"lazy\" decoding=\"async\" class=\"alignnone size-large wp-image-5809\" src=\"https:\/\/maisdonsursevre-steanne.fr\/wp-content\/uploads\/2025\/02\/IMG_8375-1024x768.jpeg\" alt=\"\" width=\"1024\" height=\"768\" srcset=\"https:\/\/maisdonsursevre-steanne.fr\/wp-content\/uploads\/2025\/02\/IMG_8375-1024x768.jpeg 1024w, https:\/\/maisdonsursevre-steanne.fr\/wp-content\/uploads\/2025\/02\/IMG_8375-300x225.jpeg 300w, https:\/\/maisdonsursevre-steanne.fr\/wp-content\/uploads\/2025\/02\/IMG_8375-768x576.jpeg 768w, https:\/\/maisdonsursevre-steanne.fr\/wp-content\/uploads\/2025\/02\/IMG_8375-600x450.jpeg 600w, https:\/\/maisdonsursevre-steanne.fr\/wp-content\/uploads\/2025\/02\/IMG_8375-1536x1152.jpeg 1536w, https:\/\/maisdonsursevre-steanne.fr\/wp-content\/uploads\/2025\/02\/IMG_8375-2048x1536.jpeg 2048w, https:\/\/maisdonsursevre-steanne.fr\/wp-content\/uploads\/2025\/02\/IMG_8375-1440x1080.jpeg 1440w, https:\/\/maisdonsursevre-steanne.fr\/wp-content\/uploads\/2025\/02\/IMG_8375-1320x990.jpeg 1320w\" sizes=\"(max-width: 1024px) 100vw, 1024px\" \/><\/a><\/p>\n<p>&nbsp;<\/p>\n<p style=\"text-align: center;\"><span style=\"color: #00ccff;\">Classe de GS\/CP : Manon et Millian<\/span><\/p>\n<p style=\"text-align: center;\"><span style=\"color: #00ccff;\">Classe de CE1\/CE2 : Elliot et Alice<\/span><\/p>\n<p style=\"text-align: center;\"><span style=\"color: #00ccff;\">Classe de CE2\/CM1: Oc\u00e9ane et Noah<\/span><\/p>\n<p style=\"text-align: center;\"><span style=\"color: #00ccff;\">Classe de CM1\/CM2 : Suzanne et Math\u00e9is<\/span><\/p>\n<p style=\"text-align: center;\">&nbsp;<\/p>\n<p><strong>Les projets de l&#8217;ann\u00e9e 2024\/2025 :<\/strong><\/p>\n<ul>\n<li>Chaque classe de primaire a \u00e9lu les d\u00e9l\u00e9gu\u00e9s qui participent \u00e0 diff\u00e9rentes rencontres avec Marielle. D\u00e8s le d\u00e9but de l&#8217;ann\u00e9e, l&#8217;action solidaire a \u00e9t\u00e9 choisie avec eux. Il s&#8217;agit cette ann\u00e9e de r\u00e9coler des bouchons en plastiques pour l&#8217;association &#8220;Les bouchons d&#8217;amour&#8221;. Ils sont ensuite recycl\u00e9s et servent \u00e0 financer l&#8217;achat de mat\u00e9riel pour des personnes handicap\u00e9es. D\u00e8s le mois d&#8217;octobre la collecte a donc commenc\u00e9 et s&#8217;ach\u00e8vera fin mars \u00e0 l&#8217;occasion du carnaval solidaire. Les d\u00e9l\u00e9gu\u00e9s ont \u00e9galement re\u00e7us les livres du prix des Incorruptibles de cette nouvelle ann\u00e9e. Ils ont \u00e9galement \u00e9t\u00e9 charg\u00e9s de remettre \u00e0 chaque classe le tableau qui met en valeur une production d&#8217;arts visuels pour venir ensuite \u00eatre expos\u00e9e dans la salle de r\u00e9union de l&#8217;\u00e9cole.<\/li>\n<\/ul>\n<p><strong>Les projets de l&#8217;ann\u00e9e 2023\/2024 :<\/strong><\/p>\n<ul>\n<li>Apr\u00e8s leur \u00e9lection, les d\u00e9l\u00e9gu\u00e9s ont particip\u00e9 \u00e0 une premi\u00e8re rencontre avec Marielle la directrice qui leur a rappel\u00e9 leur r\u00f4le. Il a d\u00e9j\u00e0 \u00e9t\u00e9 \u00e9voqu\u00e9 deux actions solidaires auxquelles l&#8217;\u00e9cole va s&#8217;associer : le t\u00e9l\u00e9thon, une rencontre avec les b\u00e9n\u00e9voles de Maisdon-sur-S\u00e8vre aura lieu mi novembre et la course de la S\u00e9nagazelle. En effet \u00e0 l&#8217;occasion du carnaval, l&#8217;\u00e9cole apportera son soutien \u00e0 une \u00e9quipe de runneuses qui participera \u00e0 cette course au S\u00e9n\u00e9gal au profit d&#8217;\u00e9l\u00e8ves des \u00e9coles de ce pays. Bient\u00f4t nous les rencontrerons pour qu&#8217;elles puissent nous expliquer comment il est possible de les aider.<\/li>\n<\/ul>\n<p><strong>Les projets de l&#8217;ann\u00e9e 2022\/2023 :<\/strong><\/p>\n<ul>\n<li>Au cours de l&#8217;ann\u00e9e 2022\/2023 les conseils d&#8217;\u00e9tablissement ont \u00e0 nouveau eu lieu \u00e0 raison de deux rencontres dans l&#8217;ann\u00e9e et les d\u00e9l\u00e9gu\u00e9s des classes ont pu y assister. Lors du premier rendez-vous, ils ont ou faire part de leurs r\u00e9flexion au sujet des rythmes scolaires en \u00e9voquant pour la majorit\u00e9 des enfants de l&#8217;\u00e9cole un choix pour un retour \u00e0 quatre jours de classe. Lors du second rendez-vous ils ont r\u00e9fl\u00e9chi aux atouts \u00e0 mettre en avant dans la communication externe de notre \u00e9cole. Une \u00e9cole au sein de laquelle ils sont \u00e9panouis et heureux.<\/li>\n<li>Avant la mise en place du carnaval solidaire du mois de mars, les d\u00e9l\u00e9gu\u00e9s ont contact\u00e9 des associations locales afin de mette en place une collecte alimentaire qui a \u00e9t\u00e9 r\u00e9alis\u00e9e au profit de la Banque alimentaire.<\/li>\n<\/ul>\n<p><strong>Les projets de l&#8217;ann\u00e9e 2021\/2022 :<\/strong><\/p>\n<ul>\n<li>Au d\u00e9but de l&#8217;ann\u00e9e scolaire, les \u00e9l\u00e8ves d\u00e9l\u00e9gu\u00e9s ont re\u00e7us une information sur la m\u00e9thode des messages clairs que nous souhaitions mettre en place \u00e0 l&#8217;\u00e9cole avec l&#8217;ensemble des \u00e9l\u00e8ves. Cette d\u00e9marche permet aux enfants de pouvoir exposer clairement entre eux une situation face \u00e0 laquelle un d\u00e9saccord existe entre deux personnes afin de le r\u00e9soudre en tenant compte du ressenti de chacun. Dans chaque classe ensuite, les \u00e9l\u00e8ves ont travaill\u00e9 avec les enseignantes afin de s&#8217;approprier cette d\u00e9marche et l&#8217;appliquer d\u00e8s que n\u00e9cessaire.<\/li>\n<li>Avant la mise en place du carnaval solidaire, les d\u00e9l\u00e9gu\u00e9s ont r\u00e9fl\u00e9chi \u00e0 une action \u00e0 mettre en place afin de soutenir une association. L&#8217;id\u00e9e de la collecte de v\u00eatements \u00e0 \u00e9t\u00e9 retenue. Elle sera r\u00e9alis\u00e9e au profit de la Croix Rouge et utilis\u00e9e pour l&#8217;aide aux r\u00e9fugi\u00e9s ukrainiens. La collecte se terminera le samedi 26 mars lors de notre carnaval.<\/li>\n<\/ul>\n<p><strong>Les projets de l&#8217;ann\u00e9e 2020\/2021 :&nbsp;<\/strong><\/p>\n<ul>\n<li>Continuer \u00e0 am\u00e9liorer notre cadre de vie en trouvant des moyens de vivre des projets communs malgr\u00e9 le contexte particulier de la nouvelle ann\u00e9e scolaire.<\/li>\n<li>Mettre en place un action solidaire au moment du carnaval de l&#8217;\u00e9cole. \u2192 Au retour des vacances d&#8217;hiver, les discussions ont eu lieu dans l&#8217;ensemble des classes autour de la question : quelle action pouvons nous mettre en place pour aider ceux qui en ont besoin ? Apr\u00e8s r\u00e9union du conseil des d\u00e9l\u00e9gu\u00e9s, une id\u00e9e commune a \u00e9merg\u00e9e : aider ceux qui n&#8217;ont pas assez \u00e0 manger. A l&#8217;issue de cette rencontre, il a \u00e9t\u00e9 d\u00e9cid\u00e9 d&#8217;aider les Restaos du coeur en organisant une collecte d&#8217;aliments et de produits d&#8217;hygi\u00e8ne. Tous les dons seront remis \u00e0 l&#8217;association le jour du Carnaval Solidaire qui malgr\u00e9 la situation sanitaire aura lieu au sein de botre \u00e9cole.<\/li>\n<\/ul>\n<p>&nbsp;<\/p>\n<p>&nbsp;<\/p>\n<p><strong>Les projets de l&#8217;ann\u00e9e 2019\/2020 :&nbsp;<\/strong><\/p>\n<ul>\n<li>Am\u00e9liorer l&#8217;environnement de notre \u00e9cole : participer \u00e0 la r\u00e9alisation d&#8217;une fresque murale r\u00e9alis\u00e9es par tous les enfants de l&#8217;\u00e9cole.<\/li>\n<li>Mettre en place une action solidaire pour aider une association humanitaire (en lien avec le carnaval solidaire).<\/li>\n<\/ul>\n<p><a href=\"https:\/\/maisdonsursevre-steanne.fr\/wp-content\/uploads\/2020\/11\/IMG_5042-scaled.jpg\"><img loading=\"lazy\" decoding=\"async\" class=\"alignnone size-large wp-image-3392\" src=\"https:\/\/maisdonsursevre-steanne.fr\/wp-content\/uploads\/2020\/11\/IMG_5042-1024x443.jpg\" alt=\"\" width=\"1024\" height=\"443\" srcset=\"https:\/\/maisdonsursevre-steanne.fr\/wp-content\/uploads\/2020\/11\/IMG_5042-1024x443.jpg 1024w, https:\/\/maisdonsursevre-steanne.fr\/wp-content\/uploads\/2020\/11\/IMG_5042-300x130.jpg 300w, https:\/\/maisdonsursevre-steanne.fr\/wp-content\/uploads\/2020\/11\/IMG_5042-768x332.jpg 768w, https:\/\/maisdonsursevre-steanne.fr\/wp-content\/uploads\/2020\/11\/IMG_5042-600x260.jpg 600w, https:\/\/maisdonsursevre-steanne.fr\/wp-content\/uploads\/2020\/11\/IMG_5042-1536x664.jpg 1536w, https:\/\/maisdonsursevre-steanne.fr\/wp-content\/uploads\/2020\/11\/IMG_5042-2048x886.jpg 2048w, https:\/\/maisdonsursevre-steanne.fr\/wp-content\/uploads\/2020\/11\/IMG_5042-1320x571.jpg 1320w\" sizes=\"(max-width: 1024px) 100vw, 1024px\" \/><\/a><\/p>\n<p>La fresque r\u00e9alis\u00e9e en octobre 2020, suite et fin du projet initi\u00e9 durant l&#8217;ann\u00e9e scolaire 2019-2020.<\/p>\n<p><span style=\"color: #99cc00;\"><strong>Les projets de l&#8217;ann\u00e9e 2018\/2019:<\/strong><\/span><\/p>\n<ul>\n<li><span style=\"color: #99cc00;\">amelioration de l&#8217;entr\u00e9e des maternelles.<\/span><\/li>\n<li><span style=\"color: #99cc00;\">projet solidaire: aider l&#8217;association du T\u00e9l\u00e9thon.<\/span><\/li>\n<\/ul>\n<p>Jeudi 15 novembre, les d\u00e9l\u00e9gu\u00e9s ont rencontr\u00e9 les b\u00e9n\u00e9voles de l&#8217;association de T\u00e9l\u00e9thon. Ils leur ont expliqu\u00e9 \u00e0 quoi servait l&#8217;association et ils leur ont demand\u00e9 des les aider pour vendre des bottereaux lors du week-end du 8 et 9 d\u00e9cembre.<\/p>\n<p>&nbsp;<\/p>\n<p><a href=\"https:\/\/maisdonsursevre-steanne.fr\/?attachment_id=2589#main\" rel=\"attachment wp-att-2589\"><img loading=\"lazy\" decoding=\"async\" class=\" wp-image-2589 aligncenter\" src=\"https:\/\/maisdonsursevre-steanne.fr\/wp-content\/uploads\/2018\/12\/IMG_1810-300x225.jpg\" alt=\"\" width=\"387\" height=\"290\" srcset=\"https:\/\/maisdonsursevre-steanne.fr\/wp-content\/uploads\/2018\/12\/IMG_1810-300x225.jpg 300w, https:\/\/maisdonsursevre-steanne.fr\/wp-content\/uploads\/2018\/12\/IMG_1810-768x576.jpg 768w, https:\/\/maisdonsursevre-steanne.fr\/wp-content\/uploads\/2018\/12\/IMG_1810-1024x768.jpg 1024w, https:\/\/maisdonsursevre-steanne.fr\/wp-content\/uploads\/2018\/12\/IMG_1810-600x450.jpg 600w, https:\/\/maisdonsursevre-steanne.fr\/wp-content\/uploads\/2018\/12\/IMG_1810.jpg 2048w\" sizes=\"(max-width: 387px) 100vw, 387px\" \/><\/a><\/p>\n<p>&nbsp;<\/p>\n<p><span style=\"color: #99cc00;\"><strong style=\"text-align: center;\"><span style=\"color: #0000ff;\">Les projets de l&#8217;ann\u00e9e 2017\/2018:<\/span><\/strong><\/span><\/p>\n<ul>\n<li style=\"text-align: left;\"><strong><span style=\"color: #0000ff;\">am\u00e9lioration de la vie sur la cour: installation du boite \u00e0 id\u00e9es et des portes-manteaux dans les toilettes<\/span><\/strong><\/li>\n<\/ul>\n<ul style=\"list-style-type: square;\">\n<li><strong><span style=\"color: #0000ff;\">projet solidaire:&nbsp;<\/span><\/strong><\/li>\n<li>Cette ann\u00e9e, ils ont choisi d&#8217;aider l&#8217;association Agir contre la maladie de Clisson qui pr\u00eate du mat\u00e9riel \u00e0 des personnes du vignoble atteintes d&#8217;handicap physique. Cette association a besoin d&#8217;acheter une 3\u00e8me roue tout-terrain adaptable \u00e0 un fauteuil roulant pour enfant.<\/li>\n<li>Les d\u00e9l\u00e9gu\u00e9s ont choisi d&#8217;organiser un carnaval solidaire dont le titre est &#8220;une minute contre la maladie&#8221;. Les \u00e9l\u00e8ves et leurs parents sont invit\u00e9s \u00e0 d\u00e9filer dans les rues de Maisdon jusqu&#8217;\u00e0 la salle de sport o\u00f9 ils devront tirer le maximum de panier de basket en 1 minute!<\/li>\n<li>Jeudi 15 f\u00e9vrier, ils ont rencontr\u00e9 les b\u00e9n\u00e9voles de l&#8217;association et ils ont pu tester un fauteuil roulant sans cette roue et avec cette roue tout-terrain&#8230;Evidemment, ils ont pu aller plus facilement sur le parcours de billes&#8230;.<\/li>\n<li>\n\t\t<style type=\"text\/css\">\n\t\t\t#gallery-1 {\n\t\t\t\tmargin: auto;\n\t\t\t}\n\t\t\t#gallery-1 .gallery-item {\n\t\t\t\tfloat: left;\n\t\t\t\tmargin-top: 10px;\n\t\t\t\ttext-align: center;\n\t\t\t\twidth: 33%;\n\t\t\t}\n\t\t\t#gallery-1 img {\n\t\t\t\tborder: 2px solid #cfcfcf;\n\t\t\t}\n\t\t\t#gallery-1 .gallery-caption {\n\t\t\t\tmargin-left: 0;\n\t\t\t}\n\t\t\t\/* see gallery_shortcode() in wp-includes\/media.php *\/\n\t\t<\/style>\n\t\t<div id='gallery-1' class='gallery galleryid-273 gallery-columns-3 gallery-size-thumbnail'><dl class='gallery-item'>\n\t\t\t<dt class='gallery-icon landscape'>\n\t\t\t\t<a href='https:\/\/maisdonsursevre-steanne.fr\/?attachment_id=2123'><img loading=\"lazy\" decoding=\"async\" width=\"150\" height=\"150\" src=\"https:\/\/maisdonsursevre-steanne.fr\/wp-content\/uploads\/2018\/02\/photo-4-150x150.jpg\" class=\"attachment-thumbnail size-thumbnail\" alt=\"\" \/><\/a>\n\t\t\t<\/dt><\/dl><dl class='gallery-item'>\n\t\t\t<dt class='gallery-icon portrait'>\n\t\t\t\t<a href='https:\/\/maisdonsursevre-steanne.fr\/?attachment_id=2122'><img loading=\"lazy\" decoding=\"async\" width=\"150\" height=\"150\" src=\"https:\/\/maisdonsursevre-steanne.fr\/wp-content\/uploads\/2018\/02\/photo-3-1-150x150.jpg\" class=\"attachment-thumbnail size-thumbnail\" alt=\"\" \/><\/a>\n\t\t\t<\/dt><\/dl><dl class='gallery-item'>\n\t\t\t<dt class='gallery-icon portrait'>\n\t\t\t\t<a href='https:\/\/maisdonsursevre-steanne.fr\/?attachment_id=2121'><img loading=\"lazy\" decoding=\"async\" width=\"150\" height=\"150\" src=\"https:\/\/maisdonsursevre-steanne.fr\/wp-content\/uploads\/2018\/02\/photo-2-1-150x150.jpg\" class=\"attachment-thumbnail size-thumbnail\" alt=\"\" \/><\/a>\n\t\t\t<\/dt><\/dl><br style=\"clear: both\" \/><dl class='gallery-item'>\n\t\t\t<dt class='gallery-icon landscape'>\n\t\t\t\t<a href='https:\/\/maisdonsursevre-steanne.fr\/?attachment_id=2120'><img loading=\"lazy\" decoding=\"async\" width=\"150\" height=\"150\" src=\"https:\/\/maisdonsursevre-steanne.fr\/wp-content\/uploads\/2018\/02\/photo-1-1-150x150.jpg\" class=\"attachment-thumbnail size-thumbnail\" alt=\"\" \/><\/a>\n\t\t\t<\/dt><\/dl>\n\t\t\t<br style='clear: both' \/>\n\t\t<\/div>\n<\/li>\n<\/ul>\n<p style=\"text-align: center;\">&nbsp;<\/p>\n","protected":false},"excerpt":{"rendered":"<p>Les d\u00e9l\u00e9gu\u00e9s ont \u00e9t\u00e9 \u00e9lus en d\u00e9but d&#8217;ann\u00e9e pour repr\u00e9senter leur classe. Le conseil des d\u00e9l\u00e9gu\u00e9s a lieu une fois par p\u00e9riode afin de discuter des probl\u00e9matiques des \u00e9l\u00e8ves, de connaitre leur avis sur certains sujets, d&#8217;\u00e9laborer un petit projet mobilisateur par&nbsp;an &nbsp; &nbsp; Voici les d\u00e9l\u00e9gu\u00e9s pour cette ann\u00e9e 2024\/2025:&nbsp; &nbsp; Classe de GS\/CP&hellip; <br \/> <a class=\"read-more\" href=\"https:\/\/maisdonsursevre-steanne.fr\/?page_id=273\">Lire la suite<\/a><\/p>\n","protected":false},"author":11,"featured_media":0,"parent":0,"menu_order":0,"comment_status":"closed","ping_status":"closed","template":"","meta":{"ngg_post_thumbnail":0,"footnotes":""},"_links":{"self":[{"href":"https:\/\/maisdonsursevre-steanne.fr\/index.php?rest_route=\/wp\/v2\/pages\/273"}],"collection":[{"href":"https:\/\/maisdonsursevre-steanne.fr\/index.php?rest_route=\/wp\/v2\/pages"}],"about":[{"href":"https:\/\/maisdonsursevre-steanne.fr\/index.php?rest_route=\/wp\/v2\/types\/page"}],"author":[{"embeddable":true,"href":"https:\/\/maisdonsursevre-steanne.fr\/index.php?rest_route=\/wp\/v2\/users\/11"}],"replies":[{"embeddable":true,"href":"https:\/\/maisdonsursevre-steanne.fr\/index.php?rest_route=%2Fwp%2Fv2%2Fcomments&post=273"}],"version-history":[{"count":13,"href":"https:\/\/maisdonsursevre-steanne.fr\/index.php?rest_route=\/wp\/v2\/pages\/273\/revisions"}],"predecessor-version":[{"id":6134,"href":"https:\/\/maisdonsursevre-steanne.fr\/index.php?rest_route=\/wp\/v2\/pages\/273\/revisions\/6134"}],"wp:attachment":[{"href":"https:\/\/maisdonsursevre-steanne.fr\/index.php?rest_route=%2Fwp%2Fv2%2Fmedia&parent=273"}],"curies":[{"name":"wp","href":"https:\/\/api.w.org\/{rel}","templated":true}]}}