{"id":265,"date":"2015-10-02T10:17:47","date_gmt":"2015-10-02T09:17:47","guid":{"rendered":"https:\/\/maisdonsursevre-steanne.fr\/?page_id=265"},"modified":"2025-11-20T16:58:09","modified_gmt":"2025-11-20T15:58:09","slug":"manifestations","status":"publish","type":"page","link":"https:\/\/maisdonsursevre-steanne.fr\/?page_id=265","title":{"rendered":"Manifestations 2025-2026"},"content":{"rendered":"<p><strong>Les manifestations de l&#8217;ann\u00e9e scolaire 2025-2026<\/strong><\/p>\n<p>&nbsp;<\/p>\n<p>La f\u00eate de rentr\u00e9e : vendredi 12 septembre 2025<\/p>\n<p>Le rendez-vous de No\u00ebl : vendredi 12 d\u00e9cembre 2025<\/p>\n<p>La galette des rois : samedi 17 janvier 2026<\/p>\n<p>Le carnaval solidaire : samedi 21 mars 2026<\/p>\n<p>La kermesse : samedi 27 juin 2026<\/p>\n","protected":false},"excerpt":{"rendered":"<p>Les manifestations de l&#8217;ann\u00e9e scolaire 2025-2026 &nbsp; La f\u00eate de rentr\u00e9e : vendredi 12 septembre 2025 Le rendez-vous de No\u00ebl : vendredi 12 d\u00e9cembre 2025 La galette des rois : samedi 17 janvier 2026 Le carnaval solidaire : samedi 21 mars 2026 La kermesse : samedi 27 juin 2026<\/p>\n","protected":false},"author":11,"featured_media":0,"parent":0,"menu_order":0,"comment_status":"closed","ping_status":"closed","template":"","meta":{"ngg_post_thumbnail":0,"footnotes":""},"_links":{"self":[{"href":"https:\/\/maisdonsursevre-steanne.fr\/index.php?rest_route=\/wp\/v2\/pages\/265"}],"collection":[{"href":"https:\/\/maisdonsursevre-steanne.fr\/index.php?rest_route=\/wp\/v2\/pages"}],"about":[{"href":"https:\/\/maisdonsursevre-steanne.fr\/index.php?rest_route=\/wp\/v2\/types\/page"}],"author":[{"embeddable":true,"href":"https:\/\/maisdonsursevre-steanne.fr\/index.php?rest_route=\/wp\/v2\/users\/11"}],"replies":[{"embeddable":true,"href":"https:\/\/maisdonsursevre-steanne.fr\/index.php?rest_route=%2Fwp%2Fv2%2Fcomments&post=265"}],"version-history":[{"count":8,"href":"https:\/\/maisdonsursevre-steanne.fr\/index.php?rest_route=\/wp\/v2\/pages\/265\/revisions"}],"predecessor-version":[{"id":6335,"href":"https:\/\/maisdonsursevre-steanne.fr\/index.php?rest_route=\/wp\/v2\/pages\/265\/revisions\/6335"}],"wp:attachment":[{"href":"https:\/\/maisdonsursevre-steanne.fr\/index.php?rest_route=%2Fwp%2Fv2%2Fmedia&parent=265"}],"curies":[{"name":"wp","href":"https:\/\/api.w.org\/{rel}","templated":true}]}}