{"id":257,"date":"2015-09-30T17:02:35","date_gmt":"2015-09-30T16:02:35","guid":{"rendered":"https:\/\/maisdonsursevre-steanne.fr\/?page_id=257"},"modified":"2024-06-12T09:41:36","modified_gmt":"2024-06-12T07:41:36","slug":"activites-du-midi","status":"publish","type":"page","link":"https:\/\/maisdonsursevre-steanne.fr\/?page_id=257","title":{"rendered":"Activit\u00e9s du midi"},"content":{"rendered":"<p><span style=\"color: #3366ff;\">Les activit\u00e9s du midi sont propos\u00e9es par l&#8217;accueil des loisirs de la commune.<\/span><\/p>\n<p><span style=\"color: #3366ff;\">Vous trouverez ci-dessous les activit\u00e9s propos\u00e9es :<\/span><\/p>\n<iframe src=\"\/\/docs.google.com\/viewer?url=https%3A%2F%2Fmaisdonsursevre-steanne.fr%2Fwp-content%2Fuploads%2F2024%2F06%2FPlanning-TAP-mai-juillet-2024-SA.pdf&hl=fr&embedded=true\" class=\"gde-frame\" style=\"width:100%; height:500px; border: none;\" scrolling=\"no\"><\/iframe>\n<p class=\"gde-text\"><a href=\"https:\/\/maisdonsursevre-steanne.fr\/wp-content\/uploads\/2024\/06\/Planning-TAP-mai-juillet-2024-SA.pdf\" class=\"gde-link\">T\u00e9l\u00e9charger (PDF, 1.75Mo)<\/a><\/p>\n<p>&nbsp;<\/p>\n","protected":false},"excerpt":{"rendered":"<p>Les activit\u00e9s du midi sont propos\u00e9es par l&#8217;accueil des loisirs de la commune. Vous trouverez ci-dessous les activit\u00e9s propos\u00e9es : &nbsp;<\/p>\n","protected":false},"author":11,"featured_media":0,"parent":0,"menu_order":0,"comment_status":"closed","ping_status":"closed","template":"","meta":{"ngg_post_thumbnail":0,"footnotes":""},"_links":{"self":[{"href":"https:\/\/maisdonsursevre-steanne.fr\/index.php?rest_route=\/wp\/v2\/pages\/257"}],"collection":[{"href":"https:\/\/maisdonsursevre-steanne.fr\/index.php?rest_route=\/wp\/v2\/pages"}],"about":[{"href":"https:\/\/maisdonsursevre-steanne.fr\/index.php?rest_route=\/wp\/v2\/types\/page"}],"author":[{"embeddable":true,"href":"https:\/\/maisdonsursevre-steanne.fr\/index.php?rest_route=\/wp\/v2\/users\/11"}],"replies":[{"embeddable":true,"href":"https:\/\/maisdonsursevre-steanne.fr\/index.php?rest_route=%2Fwp%2Fv2%2Fcomments&post=257"}],"version-history":[{"count":12,"href":"https:\/\/maisdonsursevre-steanne.fr\/index.php?rest_route=\/wp\/v2\/pages\/257\/revisions"}],"predecessor-version":[{"id":5617,"href":"https:\/\/maisdonsursevre-steanne.fr\/index.php?rest_route=\/wp\/v2\/pages\/257\/revisions\/5617"}],"wp:attachment":[{"href":"https:\/\/maisdonsursevre-steanne.fr\/index.php?rest_route=%2Fwp%2Fv2%2Fmedia&parent=257"}],"curies":[{"name":"wp","href":"https:\/\/api.w.org\/{rel}","templated":true}]}}