{"id":2105,"date":"2018-02-21T18:24:21","date_gmt":"2018-02-21T17:24:21","guid":{"rendered":"https:\/\/maisdonsursevre-steanne.fr\/?page_id=2105"},"modified":"2025-03-22T17:44:42","modified_gmt":"2025-03-22T16:44:42","slug":"ogec","status":"publish","type":"page","link":"https:\/\/maisdonsursevre-steanne.fr\/?page_id=2105","title":{"rendered":"OGEC"},"content":{"rendered":"<p><strong>L&#8217;OGEC :<\/strong><\/p>\n<p>Organisme de Gestion de l\u2019Enseignement Catholique<\/p>\n<p>Avec le chef d\u2019\u00e9tablissement, il assure :<\/p>\n<p>&#8211; La gestion financi\u00e8re et comptable de l\u2019\u00e9tablissement.<\/p>\n<p>&#8211; L\u2019entretien du patrimoine immobilier et mobilier<\/p>\n<p>&#8211; La fonction d\u2019employeur des personnels ASEM<\/p>\n<p>Les ressources de l\u2019OGEC proviennent :<\/p>\n<p>&#8211; Des r\u00e9tributions des familles<\/p>\n<p>&#8211; De la participation municipale<\/p>\n<p><strong>Composition du bureau :<\/strong><\/p>\n<p>Pr\u00e9sident : Beno\u00eet VISSUZAINE<\/p>\n<p>Vice pr\u00e9sident : Jean-Fran\u00e7ois HERBRETEAU<\/p>\n<p>Secr\u00e9taire : Val\u00e9rie HAULBERT<\/p>\n<p>Vice secr\u00e9taire : C\u00e9line PAVAGEAU<\/p>\n<p>Tr\u00e9sori\u00e8re : C\u00e9line THUAUD<\/p>\n<p>Vice tr\u00e9sori\u00e8re : Emilie BRANGER<\/p>\n<p>Membres :&nbsp; Alexandre BRACHU, Emilie MORAND, Cindy GERARDEAU, Ludivine BRELET, Olivier THUAUD<\/p>\n<p>&nbsp;<\/p>\n<p>&nbsp;<\/p>\n<p>Nouveaux statuts de l&#8217;OGEC.<\/p>\n<iframe src=\"\/\/docs.google.com\/viewer?url=https%3A%2F%2Fmaisdonsursevre-steanne.fr%2Fwp-content%2Fuploads%2F2018%2F02%2FProposition-de-statuts-OGEC-2017-%C3%A9cole-Ste-Anne.pdf&hl=fr&embedded=true\" class=\"gde-frame\" style=\"width:100%; height:500px; border: none;\" scrolling=\"no\"><\/iframe>\n<p class=\"gde-text\"><a href=\"https:\/\/maisdonsursevre-steanne.fr\/wp-content\/uploads\/2018\/02\/Proposition-de-statuts-OGEC-2017-\u00e9cole-Ste-Anne.pdf\" class=\"gde-link\">T\u00e9l\u00e9charger (PDF, 395KB)<\/a><\/p>\n","protected":false},"excerpt":{"rendered":"<p>L&#8217;OGEC : Organisme de Gestion de l\u2019Enseignement Catholique Avec le chef d\u2019\u00e9tablissement, il assure : &#8211; La gestion financi\u00e8re et comptable de l\u2019\u00e9tablissement. &#8211; L\u2019entretien du patrimoine immobilier et mobilier &#8211; La fonction d\u2019employeur des personnels ASEM Les ressources de l\u2019OGEC proviennent : &#8211; Des r\u00e9tributions des familles &#8211; De la participation municipale Composition du&hellip; <br \/> <a class=\"read-more\" href=\"https:\/\/maisdonsursevre-steanne.fr\/?page_id=2105\">Lire la suite<\/a><\/p>\n","protected":false},"author":11,"featured_media":0,"parent":0,"menu_order":0,"comment_status":"closed","ping_status":"closed","template":"","meta":{"ngg_post_thumbnail":0,"footnotes":""},"_links":{"self":[{"href":"https:\/\/maisdonsursevre-steanne.fr\/index.php?rest_route=\/wp\/v2\/pages\/2105"}],"collection":[{"href":"https:\/\/maisdonsursevre-steanne.fr\/index.php?rest_route=\/wp\/v2\/pages"}],"about":[{"href":"https:\/\/maisdonsursevre-steanne.fr\/index.php?rest_route=\/wp\/v2\/types\/page"}],"author":[{"embeddable":true,"href":"https:\/\/maisdonsursevre-steanne.fr\/index.php?rest_route=\/wp\/v2\/users\/11"}],"replies":[{"embeddable":true,"href":"https:\/\/maisdonsursevre-steanne.fr\/index.php?rest_route=%2Fwp%2Fv2%2Fcomments&post=2105"}],"version-history":[{"count":4,"href":"https:\/\/maisdonsursevre-steanne.fr\/index.php?rest_route=\/wp\/v2\/pages\/2105\/revisions"}],"predecessor-version":[{"id":6097,"href":"https:\/\/maisdonsursevre-steanne.fr\/index.php?rest_route=\/wp\/v2\/pages\/2105\/revisions\/6097"}],"wp:attachment":[{"href":"https:\/\/maisdonsursevre-steanne.fr\/index.php?rest_route=%2Fwp%2Fv2%2Fmedia&parent=2105"}],"curies":[{"name":"wp","href":"https:\/\/api.w.org\/{rel}","templated":true}]}}