{"id":1512,"date":"2017-04-04T19:45:07","date_gmt":"2017-04-04T18:45:07","guid":{"rendered":"https:\/\/maisdonsursevre-steanne.fr\/?page_id=1512"},"modified":"2025-11-20T16:58:35","modified_gmt":"2025-11-20T15:58:35","slug":"location-de-costumes","status":"publish","type":"page","link":"https:\/\/maisdonsursevre-steanne.fr\/?page_id=1512","title":{"rendered":"Location de costumes"},"content":{"rendered":"<p><strong>L&#8217;\u00e9cole loue des costumes r\u00e9alis\u00e9s dans le cadre de sa kermesse vous pouvez t\u00e9l\u00e9charger le catalogue.<\/strong><\/p>\n<p><strong>Les tarifs sont les suivants :<\/strong><\/p>\n<p><strong>Un costume complet : 2 \u20ac<\/strong><\/p>\n<p><strong>un \u00e9l\u00e9ment : 1 \u20ac<\/strong><\/p>\n<p><strong>un accessoire :0.50\u20ac<\/strong><\/p>\n<p>&nbsp;<\/p>\n<p><strong>Pour toute location de costumes merci de contacter l&#8217;APEL : apel.steanne.maisdon@gmail.com<\/strong><\/p>\n\n<p class=\"gde-text\"><a href=\"https:\/\/maisdonsursevre-steanne.fr\/wp-content\/uploads\/2024\/05\/Location-de-costumes_Ste-Anne_Maisdon-1.pdf\" class=\"gde-link\">T\u00e9l\u00e9charger (PDF, 69.04Mo)<\/a><\/p>\n","protected":false},"excerpt":{"rendered":"<p>L&#8217;\u00e9cole loue des costumes r\u00e9alis\u00e9s dans le cadre de sa kermesse vous pouvez t\u00e9l\u00e9charger le catalogue. Les tarifs sont les suivants : Un costume complet : 2 \u20ac un \u00e9l\u00e9ment : 1 \u20ac un accessoire :0.50\u20ac &nbsp; Pour toute location de costumes merci de contacter l&#8217;APEL : apel.steanne.maisdon@gmail.com<\/p>\n","protected":false},"author":11,"featured_media":0,"parent":0,"menu_order":0,"comment_status":"closed","ping_status":"closed","template":"","meta":{"ngg_post_thumbnail":0,"footnotes":""},"_links":{"self":[{"href":"https:\/\/maisdonsursevre-steanne.fr\/index.php?rest_route=\/wp\/v2\/pages\/1512"}],"collection":[{"href":"https:\/\/maisdonsursevre-steanne.fr\/index.php?rest_route=\/wp\/v2\/pages"}],"about":[{"href":"https:\/\/maisdonsursevre-steanne.fr\/index.php?rest_route=\/wp\/v2\/types\/page"}],"author":[{"embeddable":true,"href":"https:\/\/maisdonsursevre-steanne.fr\/index.php?rest_route=\/wp\/v2\/users\/11"}],"replies":[{"embeddable":true,"href":"https:\/\/maisdonsursevre-steanne.fr\/index.php?rest_route=%2Fwp%2Fv2%2Fcomments&post=1512"}],"version-history":[{"count":4,"href":"https:\/\/maisdonsursevre-steanne.fr\/index.php?rest_route=\/wp\/v2\/pages\/1512\/revisions"}],"predecessor-version":[{"id":6336,"href":"https:\/\/maisdonsursevre-steanne.fr\/index.php?rest_route=\/wp\/v2\/pages\/1512\/revisions\/6336"}],"wp:attachment":[{"href":"https:\/\/maisdonsursevre-steanne.fr\/index.php?rest_route=%2Fwp%2Fv2%2Fmedia&parent=1512"}],"curies":[{"name":"wp","href":"https:\/\/api.w.org\/{rel}","templated":true}]}}