{"id":110,"date":"2015-06-17T18:21:18","date_gmt":"2015-06-17T17:21:18","guid":{"rendered":"https:\/\/maisdonsursevre-steanne.fr\/?page_id=110"},"modified":"2025-11-13T19:09:36","modified_gmt":"2025-11-13T18:09:36","slug":"restauration","status":"publish","type":"page","link":"https:\/\/maisdonsursevre-steanne.fr\/?page_id=110","title":{"rendered":"Restauration"},"content":{"rendered":"<p>La cantine est municipale. L&#8217;inscription doit \u00eatre effectu\u00e9e en mairie.<\/p>\n<p>Toute absence d&#8217;un enfant doit \u00eatre communiqu\u00e9e directement aupr\u00e8s du service de restauration scolaire.<\/p>\n<p>Menus du 17 au 21 novembre 2025<\/p>\n<iframe src=\"\/\/docs.google.com\/viewer?url=https%3A%2F%2Fmaisdonsursevre-steanne.fr%2Fwp-content%2Fuploads%2F2025%2F11%2FMenus-17-au-21-Novembre-2025.pdf&hl=fr&embedded=true\" class=\"gde-frame\" style=\"width:100%; height:500px; border: none;\" scrolling=\"no\"><\/iframe>\n<p class=\"gde-text\"><a href=\"https:\/\/maisdonsursevre-steanne.fr\/wp-content\/uploads\/2025\/11\/Menus-17-au-21-Novembre-2025.pdf\" class=\"gde-link\">T\u00e9l\u00e9charger (PDF, 251KB)<\/a><\/p>\n<p>&nbsp;<\/p>\n","protected":false},"excerpt":{"rendered":"<p>La cantine est municipale. L&#8217;inscription doit \u00eatre effectu\u00e9e en mairie. Toute absence d&#8217;un enfant doit \u00eatre communiqu\u00e9e directement aupr\u00e8s du service de restauration scolaire. Menus du 17 au 21 novembre 2025 &nbsp;<\/p>\n","protected":false},"author":11,"featured_media":0,"parent":0,"menu_order":0,"comment_status":"closed","ping_status":"closed","template":"","meta":{"ngg_post_thumbnail":0,"footnotes":""},"_links":{"self":[{"href":"https:\/\/maisdonsursevre-steanne.fr\/index.php?rest_route=\/wp\/v2\/pages\/110"}],"collection":[{"href":"https:\/\/maisdonsursevre-steanne.fr\/index.php?rest_route=\/wp\/v2\/pages"}],"about":[{"href":"https:\/\/maisdonsursevre-steanne.fr\/index.php?rest_route=\/wp\/v2\/types\/page"}],"author":[{"embeddable":true,"href":"https:\/\/maisdonsursevre-steanne.fr\/index.php?rest_route=\/wp\/v2\/users\/11"}],"replies":[{"embeddable":true,"href":"https:\/\/maisdonsursevre-steanne.fr\/index.php?rest_route=%2Fwp%2Fv2%2Fcomments&post=110"}],"version-history":[{"count":54,"href":"https:\/\/maisdonsursevre-steanne.fr\/index.php?rest_route=\/wp\/v2\/pages\/110\/revisions"}],"predecessor-version":[{"id":6276,"href":"https:\/\/maisdonsursevre-steanne.fr\/index.php?rest_route=\/wp\/v2\/pages\/110\/revisions\/6276"}],"wp:attachment":[{"href":"https:\/\/maisdonsursevre-steanne.fr\/index.php?rest_route=%2Fwp%2Fv2%2Fmedia&parent=110"}],"curies":[{"name":"wp","href":"https:\/\/api.w.org\/{rel}","templated":true}]}}