{"id":100,"date":"2015-06-17T15:40:36","date_gmt":"2015-06-17T14:40:36","guid":{"rendered":"https:\/\/maisdonsursevre-steanne.fr\/?page_id=100"},"modified":"2025-02-27T10:28:33","modified_gmt":"2025-02-27T09:28:33","slug":"circulaire","status":"publish","type":"page","link":"https:\/\/maisdonsursevre-steanne.fr\/?page_id=100","title":{"rendered":"Circulaire"},"content":{"rendered":"\n<div class=\"gde-error\">GDE Erreur: Erreur lors de la r\u00e9cup\u00e9ration du fichier - si n\u00e9cessaire, arr\u00eatez la v\u00e9rification d'erreurs (404:Not Found)<\/div>\n\n","protected":false},"excerpt":{"rendered":"","protected":false},"author":11,"featured_media":0,"parent":0,"menu_order":0,"comment_status":"closed","ping_status":"closed","template":"","meta":{"ngg_post_thumbnail":0,"footnotes":""},"_links":{"self":[{"href":"https:\/\/maisdonsursevre-steanne.fr\/index.php?rest_route=\/wp\/v2\/pages\/100"}],"collection":[{"href":"https:\/\/maisdonsursevre-steanne.fr\/index.php?rest_route=\/wp\/v2\/pages"}],"about":[{"href":"https:\/\/maisdonsursevre-steanne.fr\/index.php?rest_route=\/wp\/v2\/types\/page"}],"author":[{"embeddable":true,"href":"https:\/\/maisdonsursevre-steanne.fr\/index.php?rest_route=\/wp\/v2\/users\/11"}],"replies":[{"embeddable":true,"href":"https:\/\/maisdonsursevre-steanne.fr\/index.php?rest_route=%2Fwp%2Fv2%2Fcomments&post=100"}],"version-history":[{"count":6,"href":"https:\/\/maisdonsursevre-steanne.fr\/index.php?rest_route=\/wp\/v2\/pages\/100\/revisions"}],"predecessor-version":[{"id":5817,"href":"https:\/\/maisdonsursevre-steanne.fr\/index.php?rest_route=\/wp\/v2\/pages\/100\/revisions\/5817"}],"wp:attachment":[{"href":"https:\/\/maisdonsursevre-steanne.fr\/index.php?rest_route=%2Fwp%2Fv2%2Fmedia&parent=100"}],"curies":[{"name":"wp","href":"https:\/\/api.w.org\/{rel}","templated":true}]}}